{"id":1901,"date":"2025-07-30T10:30:40","date_gmt":"2025-07-30T08:30:40","guid":{"rendered":"https:\/\/ascensoresprim.com\/?page_id=1901"},"modified":"2025-08-08T23:52:46","modified_gmt":"2025-08-08T21:52:46","slug":"aviso-legal","status":"publish","type":"page","link":"https:\/\/ascensoresprim.com\/es\/aviso-legal\/","title":{"rendered":"Aviso legal"},"content":{"rendered":"\t\t<div data-elementor-type=\"wp-page\" data-elementor-id=\"1901\" class=\"elementor elementor-1901 elementor-1895\" data-elementor-settings=\"{&quot;ha_cmc_init_switcher&quot;:&quot;no&quot;}\" data-elementor-post-type=\"page\">\n\t\t\t\t<div class=\"elementor-element elementor-element-88753ca e-flex e-con-boxed e-con e-parent\" data-id=\"88753ca\" data-element_type=\"container\" data-e-type=\"container\" data-settings=\"{&quot;_ha_eqh_enable&quot;:false}\">\n\t\t\t\t\t<div class=\"e-con-inner\">\n\t\t<div class=\"elementor-element elementor-element-8509e41 e-con-full e-flex e-con e-child\" data-id=\"8509e41\" data-element_type=\"container\" data-e-type=\"container\" data-settings=\"{&quot;_ha_eqh_enable&quot;:false}\">\n\t\t\t\t<div class=\"elementor-element elementor-element-1ac1738 elementor-widget elementor-widget-text-editor\" data-id=\"1ac1738\" data-element_type=\"widget\" data-e-type=\"widget\" data-widget_type=\"text-editor.default\">\n\t\t\t\t<div class=\"elementor-widget-container\">\n\t\t\t\t\t\t\t\t\t<h2>Aviso legal<\/h2><p>En cumplimiento con el deber de informaci\u00f3n establecido en la Ley 34\/2002, de 11 de julio, de servicios de la sociedad de la informaci\u00f3n y del comercio electr\u00f3nico, se facilita la siguiente informaci\u00f3n general del sitio web:<\/p><ul><li><strong>Raz\u00f3n social:<\/strong> ASCENSORES PRIM S.L.<\/li><li><strong>CIF:<\/strong> B64750292<\/li><li><strong>Domicilio social:<\/strong> calle Riera de Horta, 53, local A, 08027 Barcelona<\/li><li><strong>Correo electr\u00f3nico:<\/strong> <a href=\"mailto:info@ascensoresprim.com\">info@ascensoresprim.com<\/a><\/li><li><strong>Sitio web:<\/strong> <a href=\"https:\/\/www.ascensoresprim.com\">www.ascensoresprim.com<\/a><\/li><\/ul><h3>Condiciones de uso<\/h3><p>El acceso y uso del sitio web atribuyen la condici\u00f3n de usuario, e implican la aceptaci\u00f3n plena y sin reservas de las condiciones que se exponen a continuaci\u00f3n. ASCENSORES PRIM S.L. se reserva el derecho a modificar en cualquier momento dichas condiciones, as\u00ed como cualquier otra informaci\u00f3n que pueda aparecer en este sitio web.<\/p><h3>Responsabilidad<\/h3><p>ASCENSORES PRIM S.L. no se hace responsable de los errores u omisiones en los contenidos del sitio web ni de los da\u00f1os derivados de su utilizaci\u00f3n, ni de cualquier actuaci\u00f3n realizada sobre la base de la informaci\u00f3n que en \u00e9l se proporciona.<\/p><h3>Derechos de propiedad intelectual e industrial<\/h3><p>Todos los contenidos del sitio web (textos, im\u00e1genes, logotipos, archivos, etc.) son titularidad de ASCENSORES PRIM S.L. o de terceros que han autorizado su uso. Queda prohibido cualquier uso no autorizado de los contenidos, incluida su reproducci\u00f3n, distribuci\u00f3n o transformaci\u00f3n, salvo autorizaci\u00f3n expresa y por escrito.<\/p><h3>Enlaces externos<\/h3><p>Este sitio web puede contener enlaces a sitios web de terceros. ASCENSORES PRIM S.L. no se hace responsable del contenido ni de las pol\u00edticas de privacidad de dichos sitios externos.<\/p><h3>Legislaci\u00f3n aplicable<\/h3><p>Las presentes condiciones se rigen por la legislaci\u00f3n espa\u00f1ola. Cualquier controversia derivada del acceso o uso del sitio web se someter\u00e1 a los juzgados y tribunales de Barcelona, salvo que la normativa aplicable establezca otra jurisdicci\u00f3n imperativa.<\/p>\t\t\t\t\t\t\t\t<\/div>\n\t\t\t\t<\/div>\n\t\t\t\t<\/div>\n\t\t\t\t\t<\/div>\n\t\t\t\t<\/div>\n\t\t<div class=\"elementor-element elementor-element-a0aed80 e-flex e-con-boxed e-con e-parent\" data-id=\"a0aed80\" data-element_type=\"container\" data-e-type=\"container\" data-settings=\"{&quot;background_background&quot;:&quot;classic&quot;,&quot;_ha_eqh_enable&quot;:false}\">\n\t\t\t\t\t<div class=\"e-con-inner\">\n\t\t\t\t<div class=\"elementor-element elementor-element-c65a478 elementor-widget elementor-widget-template\" data-id=\"c65a478\" data-element_type=\"widget\" data-e-type=\"widget\" data-widget_type=\"template.default\">\n\t\t\t\t<div class=\"elementor-widget-container\">\n\t\t\t\t\t\t\t<div class=\"elementor-template\">\n\t\t\t\t\t<div data-elementor-type=\"container\" data-elementor-id=\"1563\" class=\"elementor elementor-1563 elementor-786 elementor-786\" data-elementor-settings=\"{&quot;ha_cmc_init_switcher&quot;:&quot;no&quot;}\" data-elementor-post-type=\"elementor_library\">\n\t\t\t\t<div class=\"elementor-element elementor-element-e7c5572 e-flex e-con-boxed e-con e-parent\" data-id=\"e7c5572\" data-element_type=\"container\" data-e-type=\"container\" data-settings=\"{&quot;background_background&quot;:&quot;classic&quot;,&quot;_ha_eqh_enable&quot;:false}\">\n\t\t\t\t\t<div class=\"e-con-inner\">\n\t\t\t\t<div class=\"elementor-element elementor-element-3900bb7 ha-arrow-sync-no elementor-widget elementor-widget-ha-logo-carousel happy-addon ha-logo-carousel happy-addon-pro\" data-id=\"3900bb7\" data-element_type=\"widget\" data-e-type=\"widget\" data-settings=\"{&quot;autoplay_speed&quot;:3000,&quot;slides_to_show&quot;:&quot;6&quot;,&quot;slides_to_show_tablet&quot;:&quot;4&quot;,&quot;animation_speed&quot;:800,&quot;autoplay&quot;:&quot;yes&quot;,&quot;loop&quot;:&quot;yes&quot;,&quot;navigation&quot;:&quot;arrow&quot;,&quot;slides_to_show_mobile&quot;:2}\" data-widget_type=\"ha-logo-carousel.default\">\n\t\t\t\t<div class=\"elementor-widget-container\">\n\t\t\t\t\t\n        <div data-ha_rcc_uid=\"\" class=\"ha-logo-carousel-wrap\">\n            \t\t\t\t<div class=\"ha-slick-slide\">\n\t\t\t\t\t\n\t\t\t\t\t\t<div class=\"ha-logo-carousel-item\">\n\t\t\t\t\t\t\t<img\n\t\t\t\t\t\t\t\tsrc=\"https:\/\/ascensoresprim.com\/wp-content\/uploads\/2025\/07\/otis.svg\"\n\t\t\t\t\t\t\t\tclass=\"elementor-animation-grow\"\n\t\t\t\t\t\t\t\ttitle=\"Otis\"\n\t\t\t\t\t\t\t\talt=\"Otis\"\n\t\t\t\t\t\t\t>\n\t\t\t\t\t\t<\/div>\n\n\t\t\t\t\t                <\/div>\n\n                \t\t\t\t<div class=\"ha-slick-slide\">\n\t\t\t\t\t\n\t\t\t\t\t\t<div class=\"ha-logo-carousel-item\">\n\t\t\t\t\t\t\t<img\n\t\t\t\t\t\t\t\tsrc=\"https:\/\/ascensoresprim.com\/wp-content\/uploads\/2025\/07\/thyssenkrupp.svg\"\n\t\t\t\t\t\t\t\tclass=\"elementor-animation-grow\"\n\t\t\t\t\t\t\t\ttitle=\"Thyssen Krupp\"\n\t\t\t\t\t\t\t\talt=\"Thyssen Krupp\"\n\t\t\t\t\t\t\t>\n\t\t\t\t\t\t<\/div>\n\n\t\t\t\t\t                <\/div>\n\n                \t\t\t\t<div class=\"ha-slick-slide\">\n\t\t\t\t\t\n\t\t\t\t\t\t<div class=\"ha-logo-carousel-item\">\n\t\t\t\t\t\t\t<img\n\t\t\t\t\t\t\t\tsrc=\"https:\/\/ascensoresprim.com\/wp-content\/uploads\/2025\/07\/kone.svg\"\n\t\t\t\t\t\t\t\tclass=\"elementor-animation-grow\"\n\t\t\t\t\t\t\t\ttitle=\"Kone\"\n\t\t\t\t\t\t\t\talt=\"Kone\"\n\t\t\t\t\t\t\t>\n\t\t\t\t\t\t<\/div>\n\n\t\t\t\t\t                <\/div>\n\n                \t\t\t\t<div class=\"ha-slick-slide\">\n\t\t\t\t\t\n\t\t\t\t\t\t<div class=\"ha-logo-carousel-item\">\n\t\t\t\t\t\t\t<img\n\t\t\t\t\t\t\t\tsrc=\"https:\/\/ascensoresprim.com\/wp-content\/uploads\/2025\/07\/schindler.svg\"\n\t\t\t\t\t\t\t\tclass=\"elementor-animation-grow\"\n\t\t\t\t\t\t\t\ttitle=\"Schindler\"\n\t\t\t\t\t\t\t\talt=\"Schindler\"\n\t\t\t\t\t\t\t>\n\t\t\t\t\t\t<\/div>\n\n\t\t\t\t\t                <\/div>\n\n                \t\t\t\t<div class=\"ha-slick-slide\">\n\t\t\t\t\t\n\t\t\t\t\t\t<div class=\"ha-logo-carousel-item\">\n\t\t\t\t\t\t\t<img\n\t\t\t\t\t\t\t\tsrc=\"https:\/\/ascensoresprim.com\/wp-content\/uploads\/2025\/07\/orona.svg\"\n\t\t\t\t\t\t\t\tclass=\"elementor-animation-grow\"\n\t\t\t\t\t\t\t\ttitle=\"Orona\"\n\t\t\t\t\t\t\t\talt=\"Orona\"\n\t\t\t\t\t\t\t>\n\t\t\t\t\t\t<\/div>\n\n\t\t\t\t\t                <\/div>\n\n                \t\t\t\t<div class=\"ha-slick-slide\">\n\t\t\t\t\t\n\t\t\t\t\t\t<div class=\"ha-logo-carousel-item\">\n\t\t\t\t\t\t\t<img\n\t\t\t\t\t\t\t\tsrc=\"https:\/\/ascensoresprim.com\/wp-content\/uploads\/2025\/07\/mitsubishi.svg\"\n\t\t\t\t\t\t\t\tclass=\"elementor-animation-grow\"\n\t\t\t\t\t\t\t\ttitle=\"Mitsubishi\"\n\t\t\t\t\t\t\t\talt=\"Mitsubishi\"\n\t\t\t\t\t\t\t>\n\t\t\t\t\t\t<\/div>\n\n\t\t\t\t\t                <\/div>\n\n                \t\t\t\t<div class=\"ha-slick-slide\">\n\t\t\t\t\t\n\t\t\t\t\t\t<div class=\"ha-logo-carousel-item\">\n\t\t\t\t\t\t\t<img\n\t\t\t\t\t\t\t\tsrc=\"https:\/\/ascensoresprim.com\/wp-content\/uploads\/2025\/07\/Hyundai_logo.svg\"\n\t\t\t\t\t\t\t\tclass=\"elementor-animation-grow\"\n\t\t\t\t\t\t\t\ttitle=\"Hyundai\"\n\t\t\t\t\t\t\t\talt=\"Hyundai\"\n\t\t\t\t\t\t\t>\n\t\t\t\t\t\t<\/div>\n\n\t\t\t\t\t                <\/div>\n\n                \t\t\t\t<div class=\"ha-slick-slide\">\n\t\t\t\t\t\n\t\t\t\t\t\t<div class=\"ha-logo-carousel-item\">\n\t\t\t\t\t\t\t<img\n\t\t\t\t\t\t\t\tsrc=\"https:\/\/ascensoresprim.com\/wp-content\/uploads\/2025\/07\/Hitachi_logo.svg\"\n\t\t\t\t\t\t\t\tclass=\"elementor-animation-grow\"\n\t\t\t\t\t\t\t\ttitle=\"Hitachi\"\n\t\t\t\t\t\t\t\talt=\"Hitachi\"\n\t\t\t\t\t\t\t>\n\t\t\t\t\t\t<\/div>\n\n\t\t\t\t\t                <\/div>\n\n                \t\t\t\t<div class=\"ha-slick-slide\">\n\t\t\t\t\t\n\t\t\t\t\t\t<div class=\"ha-logo-carousel-item\">\n\t\t\t\t\t\t\t<img\n\t\t\t\t\t\t\t\tsrc=\"https:\/\/ascensoresprim.com\/wp-content\/uploads\/2025\/07\/FUJITEC_Logo.svg\"\n\t\t\t\t\t\t\t\tclass=\"elementor-animation-grow\"\n\t\t\t\t\t\t\t\ttitle=\"Fujitec\"\n\t\t\t\t\t\t\t\talt=\"Fujitec\"\n\t\t\t\t\t\t\t>\n\t\t\t\t\t\t<\/div>\n\n\t\t\t\t\t                <\/div>\n\n                        <\/div>\n\n        \t\t\t\t<\/div>\n\t\t\t\t<\/div>\n\t\t\t\t\t<\/div>\n\t\t\t\t<\/div>\n\t\t\t\t<\/div>\n\t\t\t\t<\/div>\n\t\t\t\t\t\t<\/div>\n\t\t\t\t<\/div>\n\t\t\t\t\t<\/div>\n\t\t\t\t<\/div>\n\t\t\t\t<\/div>\n\t\t","protected":false},"excerpt":{"rendered":"<p>Aviso legal En cumplimiento con el deber de informaci\u00f3n establecido en la Ley 34\/2002, de 11 de julio, de servicios de la sociedad de la informaci\u00f3n y del comercio electr\u00f3nico, se facilita la siguiente informaci\u00f3n general del sitio web: Raz\u00f3n social: ASCENSORES PRIM S.L. CIF: B64750292 Domicilio social: calle Riera de Horta, 53, local A, [&hellip;]<\/p>\n","protected":false},"author":1,"featured_media":1425,"parent":0,"menu_order":0,"comment_status":"closed","ping_status":"closed","template":"","meta":{"inline_featured_image":false,"footnotes":""},"class_list":["post-1901","page","type-page","status-publish","has-post-thumbnail","hentry"],"_links":{"self":[{"href":"https:\/\/ascensoresprim.com\/es\/wp-json\/wp\/v2\/pages\/1901","targetHints":{"allow":["GET"]}}],"collection":[{"href":"https:\/\/ascensoresprim.com\/es\/wp-json\/wp\/v2\/pages"}],"about":[{"href":"https:\/\/ascensoresprim.com\/es\/wp-json\/wp\/v2\/types\/page"}],"author":[{"embeddable":true,"href":"https:\/\/ascensoresprim.com\/es\/wp-json\/wp\/v2\/users\/1"}],"replies":[{"embeddable":true,"href":"https:\/\/ascensoresprim.com\/es\/wp-json\/wp\/v2\/comments?post=1901"}],"version-history":[{"count":9,"href":"https:\/\/ascensoresprim.com\/es\/wp-json\/wp\/v2\/pages\/1901\/revisions"}],"predecessor-version":[{"id":2296,"href":"https:\/\/ascensoresprim.com\/es\/wp-json\/wp\/v2\/pages\/1901\/revisions\/2296"}],"wp:featuredmedia":[{"embeddable":true,"href":"https:\/\/ascensoresprim.com\/es\/wp-json\/wp\/v2\/media\/1425"}],"wp:attachment":[{"href":"https:\/\/ascensoresprim.com\/es\/wp-json\/wp\/v2\/media?parent=1901"}],"curies":[{"name":"wp","href":"https:\/\/api.w.org\/{rel}","templated":true}]}}