{"id":1883,"date":"2025-07-30T09:51:54","date_gmt":"2025-07-30T07:51:54","guid":{"rendered":"https:\/\/ascensoresprim.com\/politica-de-privacitat\/"},"modified":"2025-08-08T23:53:06","modified_gmt":"2025-08-08T21:53:06","slug":"politica-de-privacidad","status":"publish","type":"page","link":"https:\/\/ascensoresprim.com\/es\/politica-de-privacidad\/","title":{"rendered":"Pol\u00edtica de privacidad"},"content":{"rendered":"\t\t<div data-elementor-type=\"wp-page\" data-elementor-id=\"1883\" class=\"elementor elementor-1883 elementor-1874\" data-elementor-settings=\"{&quot;ha_cmc_init_switcher&quot;:&quot;no&quot;}\" data-elementor-post-type=\"page\">\n\t\t\t\t<div class=\"elementor-element elementor-element-88753ca e-flex e-con-boxed e-con e-parent\" data-id=\"88753ca\" data-element_type=\"container\" data-e-type=\"container\" data-settings=\"{&quot;_ha_eqh_enable&quot;:false}\">\n\t\t\t\t\t<div class=\"e-con-inner\">\n\t\t<div class=\"elementor-element elementor-element-8509e41 e-con-full e-flex e-con e-child\" data-id=\"8509e41\" data-element_type=\"container\" data-e-type=\"container\" data-settings=\"{&quot;_ha_eqh_enable&quot;:false}\">\n\t\t\t\t<div class=\"elementor-element elementor-element-1ac1738 elementor-widget elementor-widget-text-editor\" data-id=\"1ac1738\" data-element_type=\"widget\" data-e-type=\"widget\" data-widget_type=\"text-editor.default\">\n\t\t\t\t<div class=\"elementor-widget-container\">\n\t\t\t\t\t\t\t\t\t<h2>Pol\u00edtica de privacidad<\/h2><p><strong>ASCENSORES PRIM S.L.<\/strong>, con CIF <strong>B64750292<\/strong> y domicilio en <strong>calle Riera de Horta, 53, local A, 08027 Barcelona<\/strong>, es titular del sitio web <strong><a title=\"Ascensores Barcelona\" href=\"https:\/\/www.ascensoresprim.com\">www.ascensoresprim.com<\/a><\/strong> y responsable del tratamiento de los datos de car\u00e1cter personal que los usuarios suministran a trav\u00e9s de este sitio web.<\/p><p><strong>ASCENSORES PRIM S.L.<\/strong> informa a los usuarios de este sitio web sobre su pol\u00edtica respecto al tratamiento y protecci\u00f3n de los datos de car\u00e1cter personal de los usuarios y clientes que puedan ser recabados durante la navegaci\u00f3n y uso de este sitio web.<\/p><p>El objetivo de este documento es informar a los usuarios sobre qu\u00e9 hacemos con sus datos personales, c\u00f3mo se recogen, para qu\u00e9 se utilizan, qu\u00e9 derechos tienen y toda la informaci\u00f3n necesaria establecida por la normativa vigente.<\/p><p>Al utilizar este sitio web entendemos que ha le\u00eddo y comprendido la informaci\u00f3n expuesta en relaci\u00f3n con el tratamiento de sus datos de car\u00e1cter personal.<\/p><p>Nuestro principal objetivo es tratar los datos personales de una forma l\u00edcita, leal y transparente.<\/p><h3>Datos recogidos, finalidad y legitimaci\u00f3n<\/h3><p>Los datos de car\u00e1cter personal tratados son los aportados por los usuarios a trav\u00e9s de los formularios disponibles en este sitio web y son los m\u00ednimos exigibles para poder enviarle informaci\u00f3n sobre nuestros productos o servicios, elaborar presupuestos o gestiones solicitadas, emitir las facturas correspondientes, informar sobre el estado de los encargos, atender reclamaciones y cualquier otra gesti\u00f3n derivada de la prestaci\u00f3n del servicio realizada a trav\u00e9s de este sitio web.<\/p><p>Estas finalidades se basan en principios legales de tratamiento de datos recogidos por la normativa vigente: para la ejecuci\u00f3n de un contrato o la prestaci\u00f3n de un servicio a los usuarios, para el cumplimiento de obligaciones legales, por inter\u00e9s leg\u00edtimo y con el consentimiento de los usuarios.<\/p><h3>Datos recogidos mediante el formulario web<\/h3><p>Los datos personales recogidos a trav\u00e9s del formulario web de solicitud de informaci\u00f3n tienen como finalidad el env\u00edo de informaci\u00f3n comercial sobre nuestros productos y servicios.<\/p><p>El tratamiento de estos datos est\u00e1 legitimado por el consentimiento expreso que usted nos presta al aceptar el env\u00edo de la informaci\u00f3n mediante el formulario.<\/p><h3>Operaciones que se realizan con los datos personales<\/h3><p>Los datos de car\u00e1cter personal se registran a trav\u00e9s del sitio web y se conservan en soportes electr\u00f3nicos controlados y supervisados por el responsable del tratamiento. Estos soportes cuentan con las medidas t\u00e9cnicas y organizativas necesarias que garantizan la debida confidencialidad en el tratamiento de los datos.<\/p><p>El personal implicado en las operaciones de tratamiento de datos (acceso, edici\u00f3n, supresi\u00f3n, etc.) est\u00e1 capacitado y formado para llevarlas a cabo y comprometido con nuestra pol\u00edtica de protecci\u00f3n de datos.<\/p><h3>Conservaci\u00f3n de los datos<\/h3><p>Los datos de car\u00e1cter personal se conservar\u00e1n durante el tiempo necesario para atender la finalidad o finalidades para las que fueron recogidos.<\/p><p>As\u00ed pues, mantendremos su informaci\u00f3n personal mientras exista una relaci\u00f3n contractual y\/o comercial con usted o mientras no ejerza su derecho de supresi\u00f3n, cancelaci\u00f3n y\/o limitaci\u00f3n del tratamiento de sus datos.<\/p><p>En estos casos, mantendremos la informaci\u00f3n debidamente bloqueada, sin darle ning\u00fan uso, mientras pueda ser necesaria para el ejercicio o defensa de reclamaciones o se derive alg\u00fan tipo de responsabilidad judicial, legal o contractual de su tratamiento que deba ser atendida.<\/p><h3>Protecci\u00f3n de menores<\/h3><p>Este sitio web no est\u00e1 dirigido a usuarios menores de edad. Si usted es menor de edad, por favor no intente registrarse como usuario. Si descubrimos que por error hemos obtenido informaci\u00f3n personal de un menor, eliminaremos dicha informaci\u00f3n lo antes posible.<\/p><h3>Destinatarios de sus datos personales<\/h3><p>Informamos a los usuarios de que sus datos personales no ser\u00e1n comunicados a terceros, salvo que dicha comunicaci\u00f3n est\u00e9 amparada en una obligaci\u00f3n legal o que, para la correcta prestaci\u00f3n del servicio o la ejecuci\u00f3n del contrato, sea necesario comunicar sus datos a otros responsables, como pueden ser encargados del tratamiento.<\/p><p>En los casos en los que la comunicaci\u00f3n de datos a terceros no est\u00e9 amparada por las bases legales establecidas en el apartado anterior, solo se realizar\u00e1 si el usuario ha dado su consentimiento expreso.<\/p><p><strong>ASCENSORES PRIM S.L.<\/strong> mantiene unos criterios estrictos de selecci\u00f3n de encargados del tratamiento y se compromete contractualmente con cada uno de ellos a cumplir y hacer cumplir las obligaciones establecidas en materia de protecci\u00f3n de datos.<\/p><h3>Ejercicio de los derechos<\/h3><p>De acuerdo con los derechos que otorga la normativa vigente en materia de protecci\u00f3n de datos de car\u00e1cter personal, el usuario podr\u00e1 ejercer los derechos de acceso, rectificaci\u00f3n, limitaci\u00f3n del tratamiento, supresi\u00f3n, portabilidad y oposici\u00f3n al tratamiento de sus datos dirigiendo su solicitud a la direcci\u00f3n postal indicada anteriormente o al correo electr\u00f3nico <a href=\"mailto:info@ascensoresprim.com\">info@ascensoresprim.com<\/a>.<\/p><p>Para ejercer estos derechos ser\u00e1 necesario identificarse mediante la presentaci\u00f3n del DNI.<\/p><p>Para cualquier reclamaci\u00f3n puede dirigirse al mismo correo indicado. Igualmente, puede presentar una reclamaci\u00f3n ante la <strong>Agencia Espa\u00f1ola de Protecci\u00f3n de Datos<\/strong>: <a href=\"https:\/\/www.aepd.es\" target=\"_blank\" rel=\"noopener\">www.aepd.es<\/a><\/p>\t\t\t\t\t\t\t\t<\/div>\n\t\t\t\t<\/div>\n\t\t\t\t<\/div>\n\t\t\t\t\t<\/div>\n\t\t\t\t<\/div>\n\t\t<div class=\"elementor-element elementor-element-a0aed80 e-flex e-con-boxed e-con e-parent\" data-id=\"a0aed80\" data-element_type=\"container\" data-e-type=\"container\" data-settings=\"{&quot;background_background&quot;:&quot;classic&quot;,&quot;_ha_eqh_enable&quot;:false}\">\n\t\t\t\t\t<div class=\"e-con-inner\">\n\t\t\t\t<div class=\"elementor-element elementor-element-c65a478 elementor-widget elementor-widget-template\" data-id=\"c65a478\" data-element_type=\"widget\" data-e-type=\"widget\" data-widget_type=\"template.default\">\n\t\t\t\t<div class=\"elementor-widget-container\">\n\t\t\t\t\t\t\t<div class=\"elementor-template\">\n\t\t\t\t\t<div data-elementor-type=\"container\" data-elementor-id=\"1563\" class=\"elementor elementor-1563 elementor-786 elementor-786\" data-elementor-settings=\"{&quot;ha_cmc_init_switcher&quot;:&quot;no&quot;}\" data-elementor-post-type=\"elementor_library\">\n\t\t\t\t<div class=\"elementor-element elementor-element-e7c5572 e-flex e-con-boxed e-con e-parent\" data-id=\"e7c5572\" data-element_type=\"container\" data-e-type=\"container\" data-settings=\"{&quot;background_background&quot;:&quot;classic&quot;,&quot;_ha_eqh_enable&quot;:false}\">\n\t\t\t\t\t<div class=\"e-con-inner\">\n\t\t\t\t<div class=\"elementor-element elementor-element-3900bb7 ha-arrow-sync-no elementor-widget elementor-widget-ha-logo-carousel happy-addon ha-logo-carousel happy-addon-pro\" data-id=\"3900bb7\" data-element_type=\"widget\" data-e-type=\"widget\" data-settings=\"{&quot;autoplay_speed&quot;:3000,&quot;slides_to_show&quot;:&quot;6&quot;,&quot;slides_to_show_tablet&quot;:&quot;4&quot;,&quot;animation_speed&quot;:800,&quot;autoplay&quot;:&quot;yes&quot;,&quot;loop&quot;:&quot;yes&quot;,&quot;navigation&quot;:&quot;arrow&quot;,&quot;slides_to_show_mobile&quot;:2}\" data-widget_type=\"ha-logo-carousel.default\">\n\t\t\t\t<div class=\"elementor-widget-container\">\n\t\t\t\t\t\n        <div data-ha_rcc_uid=\"\" class=\"ha-logo-carousel-wrap\">\n            \t\t\t\t<div class=\"ha-slick-slide\">\n\t\t\t\t\t\n\t\t\t\t\t\t<div class=\"ha-logo-carousel-item\">\n\t\t\t\t\t\t\t<img\n\t\t\t\t\t\t\t\tsrc=\"https:\/\/ascensoresprim.com\/wp-content\/uploads\/2025\/07\/otis.svg\"\n\t\t\t\t\t\t\t\tclass=\"elementor-animation-grow\"\n\t\t\t\t\t\t\t\ttitle=\"Otis\"\n\t\t\t\t\t\t\t\talt=\"Otis\"\n\t\t\t\t\t\t\t>\n\t\t\t\t\t\t<\/div>\n\n\t\t\t\t\t                <\/div>\n\n                \t\t\t\t<div class=\"ha-slick-slide\">\n\t\t\t\t\t\n\t\t\t\t\t\t<div class=\"ha-logo-carousel-item\">\n\t\t\t\t\t\t\t<img\n\t\t\t\t\t\t\t\tsrc=\"https:\/\/ascensoresprim.com\/wp-content\/uploads\/2025\/07\/thyssenkrupp.svg\"\n\t\t\t\t\t\t\t\tclass=\"elementor-animation-grow\"\n\t\t\t\t\t\t\t\ttitle=\"Thyssen Krupp\"\n\t\t\t\t\t\t\t\talt=\"Thyssen Krupp\"\n\t\t\t\t\t\t\t>\n\t\t\t\t\t\t<\/div>\n\n\t\t\t\t\t                <\/div>\n\n                \t\t\t\t<div class=\"ha-slick-slide\">\n\t\t\t\t\t\n\t\t\t\t\t\t<div class=\"ha-logo-carousel-item\">\n\t\t\t\t\t\t\t<img\n\t\t\t\t\t\t\t\tsrc=\"https:\/\/ascensoresprim.com\/wp-content\/uploads\/2025\/07\/kone.svg\"\n\t\t\t\t\t\t\t\tclass=\"elementor-animation-grow\"\n\t\t\t\t\t\t\t\ttitle=\"Kone\"\n\t\t\t\t\t\t\t\talt=\"Kone\"\n\t\t\t\t\t\t\t>\n\t\t\t\t\t\t<\/div>\n\n\t\t\t\t\t                <\/div>\n\n                \t\t\t\t<div class=\"ha-slick-slide\">\n\t\t\t\t\t\n\t\t\t\t\t\t<div class=\"ha-logo-carousel-item\">\n\t\t\t\t\t\t\t<img\n\t\t\t\t\t\t\t\tsrc=\"https:\/\/ascensoresprim.com\/wp-content\/uploads\/2025\/07\/schindler.svg\"\n\t\t\t\t\t\t\t\tclass=\"elementor-animation-grow\"\n\t\t\t\t\t\t\t\ttitle=\"Schindler\"\n\t\t\t\t\t\t\t\talt=\"Schindler\"\n\t\t\t\t\t\t\t>\n\t\t\t\t\t\t<\/div>\n\n\t\t\t\t\t                <\/div>\n\n                \t\t\t\t<div class=\"ha-slick-slide\">\n\t\t\t\t\t\n\t\t\t\t\t\t<div class=\"ha-logo-carousel-item\">\n\t\t\t\t\t\t\t<img\n\t\t\t\t\t\t\t\tsrc=\"https:\/\/ascensoresprim.com\/wp-content\/uploads\/2025\/07\/orona.svg\"\n\t\t\t\t\t\t\t\tclass=\"elementor-animation-grow\"\n\t\t\t\t\t\t\t\ttitle=\"Orona\"\n\t\t\t\t\t\t\t\talt=\"Orona\"\n\t\t\t\t\t\t\t>\n\t\t\t\t\t\t<\/div>\n\n\t\t\t\t\t                <\/div>\n\n                \t\t\t\t<div class=\"ha-slick-slide\">\n\t\t\t\t\t\n\t\t\t\t\t\t<div class=\"ha-logo-carousel-item\">\n\t\t\t\t\t\t\t<img\n\t\t\t\t\t\t\t\tsrc=\"https:\/\/ascensoresprim.com\/wp-content\/uploads\/2025\/07\/mitsubishi.svg\"\n\t\t\t\t\t\t\t\tclass=\"elementor-animation-grow\"\n\t\t\t\t\t\t\t\ttitle=\"Mitsubishi\"\n\t\t\t\t\t\t\t\talt=\"Mitsubishi\"\n\t\t\t\t\t\t\t>\n\t\t\t\t\t\t<\/div>\n\n\t\t\t\t\t                <\/div>\n\n                \t\t\t\t<div class=\"ha-slick-slide\">\n\t\t\t\t\t\n\t\t\t\t\t\t<div class=\"ha-logo-carousel-item\">\n\t\t\t\t\t\t\t<img\n\t\t\t\t\t\t\t\tsrc=\"https:\/\/ascensoresprim.com\/wp-content\/uploads\/2025\/07\/Hyundai_logo.svg\"\n\t\t\t\t\t\t\t\tclass=\"elementor-animation-grow\"\n\t\t\t\t\t\t\t\ttitle=\"Hyundai\"\n\t\t\t\t\t\t\t\talt=\"Hyundai\"\n\t\t\t\t\t\t\t>\n\t\t\t\t\t\t<\/div>\n\n\t\t\t\t\t                <\/div>\n\n                \t\t\t\t<div class=\"ha-slick-slide\">\n\t\t\t\t\t\n\t\t\t\t\t\t<div class=\"ha-logo-carousel-item\">\n\t\t\t\t\t\t\t<img\n\t\t\t\t\t\t\t\tsrc=\"https:\/\/ascensoresprim.com\/wp-content\/uploads\/2025\/07\/Hitachi_logo.svg\"\n\t\t\t\t\t\t\t\tclass=\"elementor-animation-grow\"\n\t\t\t\t\t\t\t\ttitle=\"Hitachi\"\n\t\t\t\t\t\t\t\talt=\"Hitachi\"\n\t\t\t\t\t\t\t>\n\t\t\t\t\t\t<\/div>\n\n\t\t\t\t\t                <\/div>\n\n                \t\t\t\t<div class=\"ha-slick-slide\">\n\t\t\t\t\t\n\t\t\t\t\t\t<div class=\"ha-logo-carousel-item\">\n\t\t\t\t\t\t\t<img\n\t\t\t\t\t\t\t\tsrc=\"https:\/\/ascensoresprim.com\/wp-content\/uploads\/2025\/07\/FUJITEC_Logo.svg\"\n\t\t\t\t\t\t\t\tclass=\"elementor-animation-grow\"\n\t\t\t\t\t\t\t\ttitle=\"Fujitec\"\n\t\t\t\t\t\t\t\talt=\"Fujitec\"\n\t\t\t\t\t\t\t>\n\t\t\t\t\t\t<\/div>\n\n\t\t\t\t\t                <\/div>\n\n                        <\/div>\n\n        \t\t\t\t<\/div>\n\t\t\t\t<\/div>\n\t\t\t\t\t<\/div>\n\t\t\t\t<\/div>\n\t\t\t\t<\/div>\n\t\t\t\t<\/div>\n\t\t\t\t\t\t<\/div>\n\t\t\t\t<\/div>\n\t\t\t\t\t<\/div>\n\t\t\t\t<\/div>\n\t\t\t\t<\/div>\n\t\t","protected":false},"excerpt":{"rendered":"<p>Pol\u00edtica de privacidad ASCENSORES PRIM S.L., con CIF B64750292 y domicilio en calle Riera de Horta, 53, local A, 08027 Barcelona, es titular del sitio web www.ascensoresprim.com y responsable del tratamiento de los datos de car\u00e1cter personal que los usuarios suministran a trav\u00e9s de este sitio web. ASCENSORES PRIM S.L. informa a los usuarios de [&hellip;]<\/p>\n","protected":false},"author":1,"featured_media":1425,"parent":0,"menu_order":0,"comment_status":"closed","ping_status":"closed","template":"","meta":{"inline_featured_image":false,"footnotes":""},"class_list":["post-1883","page","type-page","status-publish","has-post-thumbnail","hentry"],"_links":{"self":[{"href":"https:\/\/ascensoresprim.com\/es\/wp-json\/wp\/v2\/pages\/1883","targetHints":{"allow":["GET"]}}],"collection":[{"href":"https:\/\/ascensoresprim.com\/es\/wp-json\/wp\/v2\/pages"}],"about":[{"href":"https:\/\/ascensoresprim.com\/es\/wp-json\/wp\/v2\/types\/page"}],"author":[{"embeddable":true,"href":"https:\/\/ascensoresprim.com\/es\/wp-json\/wp\/v2\/users\/1"}],"replies":[{"embeddable":true,"href":"https:\/\/ascensoresprim.com\/es\/wp-json\/wp\/v2\/comments?post=1883"}],"version-history":[{"count":10,"href":"https:\/\/ascensoresprim.com\/es\/wp-json\/wp\/v2\/pages\/1883\/revisions"}],"predecessor-version":[{"id":1996,"href":"https:\/\/ascensoresprim.com\/es\/wp-json\/wp\/v2\/pages\/1883\/revisions\/1996"}],"wp:featuredmedia":[{"embeddable":true,"href":"https:\/\/ascensoresprim.com\/es\/wp-json\/wp\/v2\/media\/1425"}],"wp:attachment":[{"href":"https:\/\/ascensoresprim.com\/es\/wp-json\/wp\/v2\/media?parent=1883"}],"curies":[{"name":"wp","href":"https:\/\/api.w.org\/{rel}","templated":true}]}}