{"id":1526,"date":"2025-07-13T22:52:34","date_gmt":"2025-07-13T20:52:34","guid":{"rendered":"https:\/\/ascensoresprim.com\/serveis\/eficiencia-energetica-en-ascensors\/"},"modified":"2025-08-26T09:27:37","modified_gmt":"2025-08-26T07:27:37","slug":"eficiencia-energetica-en-ascensores","status":"publish","type":"page","link":"https:\/\/ascensoresprim.com\/es\/servicios\/eficiencia-energetica-en-ascensores\/","title":{"rendered":"Eficiencia energ\u00e9tica en ascensores"},"content":{"rendered":"\t\t<div data-elementor-type=\"wp-page\" data-elementor-id=\"1526\" class=\"elementor elementor-1526 elementor-665\" data-elementor-settings=\"{&quot;ha_cmc_init_switcher&quot;:&quot;no&quot;}\" data-elementor-post-type=\"page\">\n\t\t\t\t<div class=\"elementor-element elementor-element-88753ca e-flex e-con-boxed e-con e-parent\" data-id=\"88753ca\" data-element_type=\"container\" data-e-type=\"container\" data-settings=\"{&quot;_ha_eqh_enable&quot;:false}\">\n\t\t\t\t\t<div class=\"e-con-inner\">\n\t\t<div class=\"elementor-element elementor-element-610c343 e-con-full e-flex e-con e-child\" data-id=\"610c343\" data-element_type=\"container\" data-e-type=\"container\" data-settings=\"{&quot;_ha_eqh_enable&quot;:false}\">\n\t\t\t\t<div class=\"elementor-element elementor-element-0466bb4 elementor-widget elementor-widget-heading\" data-id=\"0466bb4\" data-element_type=\"widget\" data-e-type=\"widget\" data-widget_type=\"heading.default\">\n\t\t\t\t<div class=\"elementor-widget-container\">\n\t\t\t\t\t<h1 class=\"elementor-heading-title elementor-size-default\">Eficiencia energ\u00e9tica en ascensores: ahorra y cuida el planeta\n<\/h1>\t\t\t\t<\/div>\n\t\t\t\t<\/div>\n\t\t\t\t<div class=\"elementor-element elementor-element-1ac1738 txtinici elementor-widget elementor-widget-text-editor\" data-id=\"1ac1738\" data-element_type=\"widget\" data-e-type=\"widget\" data-widget_type=\"text-editor.default\">\n\t\t\t\t<div class=\"elementor-widget-container\">\n\t\t\t\t\t\t\t\t\tCada vez m\u00e1s, la sociedad demanda soluciones respetuosas con el medio ambiente y que contribuyan a reducir el gasto energ\u00e9tico. En el mundo de los ascensores, esto se traduce en la apuesta por equipos y tecnolog\u00edas que consumen menos electricidad, alargan la vida \u00fatil de los componentes y minimizan su impacto ambiental.\n\nEn <strong>Ascensores Prim<\/strong> llevamos a\u00f1os incorporando <strong>ascensores y plataformas energ\u00e9ticamente eficientes<\/strong> tanto en obra nueva como en rehabilitaciones. Nuestro objetivo es doble: ayudarte a reducir el coste de la factura el\u00e9ctrica y contribuir a un futuro m\u00e1s sostenible.\n\t\t\t\t\t\t\t\t<\/div>\n\t\t\t\t<\/div>\n\t\t\t\t<\/div>\n\t\t<div class=\"elementor-element elementor-element-c66e9c6 e-con-full e-flex e-con e-child\" data-id=\"c66e9c6\" data-element_type=\"container\" data-e-type=\"container\" data-settings=\"{&quot;_ha_eqh_enable&quot;:false}\">\n\t\t\t\t<div class=\"elementor-element elementor-element-b26c9c2 elementor-widget elementor-widget-image\" data-id=\"b26c9c2\" data-element_type=\"widget\" data-e-type=\"widget\" data-widget_type=\"image.default\">\n\t\t\t\t<div class=\"elementor-widget-container\">\n\t\t\t\t\t\t\t\t\t\t\t\t\t\t\t<img fetchpriority=\"high\" decoding=\"async\" width=\"1024\" height=\"682\" src=\"https:\/\/ascensoresprim.com\/wp-content\/uploads\/2025\/07\/sala-maquinas-ascensor-01.jpg\" class=\"attachment-full size-full wp-image-685\" alt=\"\" srcset=\"https:\/\/ascensoresprim.com\/wp-content\/uploads\/2025\/07\/sala-maquinas-ascensor-01.jpg 1024w, https:\/\/ascensoresprim.com\/wp-content\/uploads\/2025\/07\/sala-maquinas-ascensor-01-300x200.jpg 300w, https:\/\/ascensoresprim.com\/wp-content\/uploads\/2025\/07\/sala-maquinas-ascensor-01-768x512.jpg 768w\" sizes=\"(max-width: 1024px) 100vw, 1024px\" title=\"\">\t\t\t\t\t\t\t\t\t\t\t\t\t\t\t<\/div>\n\t\t\t\t<\/div>\n\t\t\t\t<\/div>\n\t\t\t\t\t<\/div>\n\t\t\t\t<\/div>\n\t\t<div class=\"elementor-element elementor-element-a62e8a8 e-flex e-con-boxed e-con e-parent\" data-id=\"a62e8a8\" data-element_type=\"container\" data-e-type=\"container\" data-settings=\"{&quot;background_background&quot;:&quot;classic&quot;,&quot;_ha_eqh_enable&quot;:false}\">\n\t\t\t\t\t<div class=\"e-con-inner\">\n\t\t\t\t<div class=\"elementor-element elementor-element-955eae8 elementor-widget elementor-widget-template\" data-id=\"955eae8\" data-element_type=\"widget\" data-e-type=\"widget\" data-widget_type=\"template.default\">\n\t\t\t\t<div class=\"elementor-widget-container\">\n\t\t\t\t\t\t\t<div class=\"elementor-template\">\n\t\t\t\t\t<div data-elementor-type=\"container\" data-elementor-id=\"1563\" class=\"elementor elementor-1563 elementor-786 elementor-786\" data-elementor-settings=\"{&quot;ha_cmc_init_switcher&quot;:&quot;no&quot;}\" data-elementor-post-type=\"elementor_library\">\n\t\t\t\t<div class=\"elementor-element elementor-element-e7c5572 e-flex e-con-boxed e-con e-parent\" data-id=\"e7c5572\" data-element_type=\"container\" data-e-type=\"container\" data-settings=\"{&quot;background_background&quot;:&quot;classic&quot;,&quot;_ha_eqh_enable&quot;:false}\">\n\t\t\t\t\t<div class=\"e-con-inner\">\n\t\t\t\t<div class=\"elementor-element elementor-element-3900bb7 ha-arrow-sync-no elementor-widget elementor-widget-ha-logo-carousel happy-addon ha-logo-carousel happy-addon-pro\" data-id=\"3900bb7\" data-element_type=\"widget\" data-e-type=\"widget\" data-settings=\"{&quot;autoplay_speed&quot;:3000,&quot;slides_to_show&quot;:&quot;6&quot;,&quot;slides_to_show_tablet&quot;:&quot;4&quot;,&quot;animation_speed&quot;:800,&quot;autoplay&quot;:&quot;yes&quot;,&quot;loop&quot;:&quot;yes&quot;,&quot;navigation&quot;:&quot;arrow&quot;,&quot;slides_to_show_mobile&quot;:2}\" data-widget_type=\"ha-logo-carousel.default\">\n\t\t\t\t<div class=\"elementor-widget-container\">\n\t\t\t\t\t\n        <div data-ha_rcc_uid=\"\" class=\"ha-logo-carousel-wrap\">\n            \t\t\t\t<div class=\"ha-slick-slide\">\n\t\t\t\t\t\n\t\t\t\t\t\t<div class=\"ha-logo-carousel-item\">\n\t\t\t\t\t\t\t<img\n\t\t\t\t\t\t\t\tsrc=\"https:\/\/ascensoresprim.com\/wp-content\/uploads\/2025\/07\/otis.svg\"\n\t\t\t\t\t\t\t\tclass=\"elementor-animation-grow\"\n\t\t\t\t\t\t\t\ttitle=\"Otis\"\n\t\t\t\t\t\t\t\talt=\"Otis\"\n\t\t\t\t\t\t\t>\n\t\t\t\t\t\t<\/div>\n\n\t\t\t\t\t                <\/div>\n\n                \t\t\t\t<div class=\"ha-slick-slide\">\n\t\t\t\t\t\n\t\t\t\t\t\t<div class=\"ha-logo-carousel-item\">\n\t\t\t\t\t\t\t<img\n\t\t\t\t\t\t\t\tsrc=\"https:\/\/ascensoresprim.com\/wp-content\/uploads\/2025\/07\/thyssenkrupp.svg\"\n\t\t\t\t\t\t\t\tclass=\"elementor-animation-grow\"\n\t\t\t\t\t\t\t\ttitle=\"Thyssen Krupp\"\n\t\t\t\t\t\t\t\talt=\"Thyssen Krupp\"\n\t\t\t\t\t\t\t>\n\t\t\t\t\t\t<\/div>\n\n\t\t\t\t\t                <\/div>\n\n                \t\t\t\t<div class=\"ha-slick-slide\">\n\t\t\t\t\t\n\t\t\t\t\t\t<div class=\"ha-logo-carousel-item\">\n\t\t\t\t\t\t\t<img\n\t\t\t\t\t\t\t\tsrc=\"https:\/\/ascensoresprim.com\/wp-content\/uploads\/2025\/07\/kone.svg\"\n\t\t\t\t\t\t\t\tclass=\"elementor-animation-grow\"\n\t\t\t\t\t\t\t\ttitle=\"Kone\"\n\t\t\t\t\t\t\t\talt=\"Kone\"\n\t\t\t\t\t\t\t>\n\t\t\t\t\t\t<\/div>\n\n\t\t\t\t\t                <\/div>\n\n                \t\t\t\t<div class=\"ha-slick-slide\">\n\t\t\t\t\t\n\t\t\t\t\t\t<div class=\"ha-logo-carousel-item\">\n\t\t\t\t\t\t\t<img\n\t\t\t\t\t\t\t\tsrc=\"https:\/\/ascensoresprim.com\/wp-content\/uploads\/2025\/07\/schindler.svg\"\n\t\t\t\t\t\t\t\tclass=\"elementor-animation-grow\"\n\t\t\t\t\t\t\t\ttitle=\"Schindler\"\n\t\t\t\t\t\t\t\talt=\"Schindler\"\n\t\t\t\t\t\t\t>\n\t\t\t\t\t\t<\/div>\n\n\t\t\t\t\t                <\/div>\n\n                \t\t\t\t<div class=\"ha-slick-slide\">\n\t\t\t\t\t\n\t\t\t\t\t\t<div class=\"ha-logo-carousel-item\">\n\t\t\t\t\t\t\t<img\n\t\t\t\t\t\t\t\tsrc=\"https:\/\/ascensoresprim.com\/wp-content\/uploads\/2025\/07\/orona.svg\"\n\t\t\t\t\t\t\t\tclass=\"elementor-animation-grow\"\n\t\t\t\t\t\t\t\ttitle=\"Orona\"\n\t\t\t\t\t\t\t\talt=\"Orona\"\n\t\t\t\t\t\t\t>\n\t\t\t\t\t\t<\/div>\n\n\t\t\t\t\t                <\/div>\n\n                \t\t\t\t<div class=\"ha-slick-slide\">\n\t\t\t\t\t\n\t\t\t\t\t\t<div class=\"ha-logo-carousel-item\">\n\t\t\t\t\t\t\t<img\n\t\t\t\t\t\t\t\tsrc=\"https:\/\/ascensoresprim.com\/wp-content\/uploads\/2025\/07\/mitsubishi.svg\"\n\t\t\t\t\t\t\t\tclass=\"elementor-animation-grow\"\n\t\t\t\t\t\t\t\ttitle=\"Mitsubishi\"\n\t\t\t\t\t\t\t\talt=\"Mitsubishi\"\n\t\t\t\t\t\t\t>\n\t\t\t\t\t\t<\/div>\n\n\t\t\t\t\t                <\/div>\n\n                \t\t\t\t<div class=\"ha-slick-slide\">\n\t\t\t\t\t\n\t\t\t\t\t\t<div class=\"ha-logo-carousel-item\">\n\t\t\t\t\t\t\t<img\n\t\t\t\t\t\t\t\tsrc=\"https:\/\/ascensoresprim.com\/wp-content\/uploads\/2025\/07\/Hyundai_logo.svg\"\n\t\t\t\t\t\t\t\tclass=\"elementor-animation-grow\"\n\t\t\t\t\t\t\t\ttitle=\"Hyundai\"\n\t\t\t\t\t\t\t\talt=\"Hyundai\"\n\t\t\t\t\t\t\t>\n\t\t\t\t\t\t<\/div>\n\n\t\t\t\t\t                <\/div>\n\n                \t\t\t\t<div class=\"ha-slick-slide\">\n\t\t\t\t\t\n\t\t\t\t\t\t<div class=\"ha-logo-carousel-item\">\n\t\t\t\t\t\t\t<img\n\t\t\t\t\t\t\t\tsrc=\"https:\/\/ascensoresprim.com\/wp-content\/uploads\/2025\/07\/Hitachi_logo.svg\"\n\t\t\t\t\t\t\t\tclass=\"elementor-animation-grow\"\n\t\t\t\t\t\t\t\ttitle=\"Hitachi\"\n\t\t\t\t\t\t\t\talt=\"Hitachi\"\n\t\t\t\t\t\t\t>\n\t\t\t\t\t\t<\/div>\n\n\t\t\t\t\t                <\/div>\n\n                \t\t\t\t<div class=\"ha-slick-slide\">\n\t\t\t\t\t\n\t\t\t\t\t\t<div class=\"ha-logo-carousel-item\">\n\t\t\t\t\t\t\t<img\n\t\t\t\t\t\t\t\tsrc=\"https:\/\/ascensoresprim.com\/wp-content\/uploads\/2025\/07\/FUJITEC_Logo.svg\"\n\t\t\t\t\t\t\t\tclass=\"elementor-animation-grow\"\n\t\t\t\t\t\t\t\ttitle=\"Fujitec\"\n\t\t\t\t\t\t\t\talt=\"Fujitec\"\n\t\t\t\t\t\t\t>\n\t\t\t\t\t\t<\/div>\n\n\t\t\t\t\t                <\/div>\n\n                        <\/div>\n\n        \t\t\t\t<\/div>\n\t\t\t\t<\/div>\n\t\t\t\t\t<\/div>\n\t\t\t\t<\/div>\n\t\t\t\t<\/div>\n\t\t\t\t<\/div>\n\t\t\t\t\t\t<\/div>\n\t\t\t\t<\/div>\n\t\t\t\t\t<\/div>\n\t\t\t\t<\/div>\n\t\t<div class=\"elementor-element elementor-element-ec6c4b3 e-flex e-con-boxed e-con e-parent\" data-id=\"ec6c4b3\" data-element_type=\"container\" data-e-type=\"container\" data-settings=\"{&quot;_ha_eqh_enable&quot;:false}\">\n\t\t\t\t\t<div class=\"e-con-inner\">\n\t\t<div class=\"elementor-element elementor-element-3d4ba71 e-con-full e-flex e-con e-child\" data-id=\"3d4ba71\" data-element_type=\"container\" data-e-type=\"container\" data-settings=\"{&quot;_ha_eqh_enable&quot;:false}\">\n\t\t\t\t<div class=\"elementor-element elementor-element-af85c7b elementor-widget elementor-widget-heading\" data-id=\"af85c7b\" data-element_type=\"widget\" data-e-type=\"widget\" data-widget_type=\"heading.default\">\n\t\t\t\t<div class=\"elementor-widget-container\">\n\t\t\t\t\t<h2 class=\"elementor-heading-title elementor-size-default\">Modernizaci\u00f3n y ahorro en edificios con ascensores existentes<\/h2>\t\t\t\t<\/div>\n\t\t\t\t<\/div>\n\t\t\t\t<div class=\"elementor-element elementor-element-6ecc1b7 elementor-widget elementor-widget-text-editor\" data-id=\"6ecc1b7\" data-element_type=\"widget\" data-e-type=\"widget\" data-widget_type=\"text-editor.default\">\n\t\t\t\t<div class=\"elementor-widget-container\">\n\t\t\t\t\t\t\t\t\t<p>Si tu edificio ya dispone de un ascensor, realizamos un estudio t\u00e9cnico para cuantificar el ahorro energ\u00e9tico que se conseguir\u00eda con una modernizaci\u00f3n del sistema. Es en estos casos donde a menudo se hace m\u00e1s evidente la diferencia respecto a los antiguos mecanismos, gracias al uso de motores de bajo consumo y nuevos sistemas de optimizaci\u00f3n.<\/p>\t\t\t\t\t\t\t\t<\/div>\n\t\t\t\t<\/div>\n\t\t\t\t<div class=\"elementor-element elementor-element-98d8548 elementor-widget elementor-widget-heading\" data-id=\"98d8548\" data-element_type=\"widget\" data-e-type=\"widget\" data-widget_type=\"heading.default\">\n\t\t\t\t<div class=\"elementor-widget-container\">\n\t\t\t\t\t<h2 class=\"elementor-heading-title elementor-size-default\">\u00bfC\u00f3mo mejoramos la eficiencia energ\u00e9tica de tu ascensor?<\/h2>\t\t\t\t<\/div>\n\t\t\t\t<\/div>\n\t\t\t\t<div class=\"elementor-element elementor-element-218a8e3 elementor-widget elementor-widget-text-editor\" data-id=\"218a8e3\" data-element_type=\"widget\" data-e-type=\"widget\" data-widget_type=\"text-editor.default\">\n\t\t\t\t<div class=\"elementor-widget-container\">\n\t\t\t\t\t\t\t\t\tLas principales acciones para incrementar la eficiencia energ\u00e9tica pasan por revisar y actualizar componentes clave de la instalaci\u00f3n, como:\n\n<ul>  \n \t<li><strong>Motores gearless y variadores de frecuencia<\/strong> que consumen menos y prolongan la vida del equipo.<\/li>  \n \t<li><strong>Iluminaci\u00f3n LED<\/strong> en la cabina, con encendido y apagado autom\u00e1tico cuando no se utiliza.<\/li>  \n \t<li><strong>Modo stand-by<\/strong> que reduce el consumo cuando el ascensor est\u00e1 parado.<\/li>  \n \t<li><strong>Sistemas regenerativos<\/strong> capaces de recuperar y devolver energ\u00eda a la red el\u00e9ctrica del edificio.<\/li>  \n<\/ul>\n\t\t\t\t\t\t\t\t<\/div>\n\t\t\t\t<\/div>\n\t\t\t\t<div class=\"elementor-element elementor-element-09113e1 elementor-widget elementor-widget-heading\" data-id=\"09113e1\" data-element_type=\"widget\" data-e-type=\"widget\" data-widget_type=\"heading.default\">\n\t\t\t\t<div class=\"elementor-widget-container\">\n\t\t\t\t\t<h2 class=\"elementor-heading-title elementor-size-default\">\u00bfPor qu\u00e9 apostar por un ascensor eficiente?<\/h2>\t\t\t\t<\/div>\n\t\t\t\t<\/div>\n\t\t\t\t<div class=\"elementor-element elementor-element-0fe9e63 elementor-widget elementor-widget-text-editor\" data-id=\"0fe9e63\" data-element_type=\"widget\" data-e-type=\"widget\" data-widget_type=\"text-editor.default\">\n\t\t\t\t<div class=\"elementor-widget-container\">\n\t\t\t\t\t\t\t\t\tInvertir en eficiencia energ\u00e9tica no solo implica un menor consumo y una reducci\u00f3n inmediata en las facturas, sino que tambi\u00e9n ayuda a revalorizar el edificio, adapta la instalaci\u00f3n a normativas actuales m\u00e1s exigentes y contribuye a reducir la huella de carbono.\t\t\t\t\t\t\t\t<\/div>\n\t\t\t\t<\/div>\n\t\t\t\t<\/div>\n\t\t<div class=\"elementor-element elementor-element-1c22921 e-con-full e-flex e-con e-child\" data-id=\"1c22921\" data-element_type=\"container\" data-e-type=\"container\" data-settings=\"{&quot;_ha_eqh_enable&quot;:false}\">\n\t\t\t\t<div class=\"elementor-element elementor-element-ec3679d elementor-widget elementor-widget-image\" data-id=\"ec3679d\" data-element_type=\"widget\" data-e-type=\"widget\" data-widget_type=\"image.default\">\n\t\t\t\t<div class=\"elementor-widget-container\">\n\t\t\t\t\t\t\t\t\t\t\t\t\t\t\t<img decoding=\"async\" width=\"800\" height=\"533\" src=\"https:\/\/ascensoresprim.com\/wp-content\/uploads\/2025\/07\/motor-ascensor-eficiente-1024x682.jpg\" class=\"attachment-large size-large wp-image-1418\" alt=\"\" srcset=\"https:\/\/ascensoresprim.com\/wp-content\/uploads\/2025\/07\/motor-ascensor-eficiente-1024x682.jpg 1024w, https:\/\/ascensoresprim.com\/wp-content\/uploads\/2025\/07\/motor-ascensor-eficiente-300x200.jpg 300w, https:\/\/ascensoresprim.com\/wp-content\/uploads\/2025\/07\/motor-ascensor-eficiente-768x512.jpg 768w, https:\/\/ascensoresprim.com\/wp-content\/uploads\/2025\/07\/motor-ascensor-eficiente.jpg 1280w\" sizes=\"(max-width: 800px) 100vw, 800px\" title=\"\">\t\t\t\t\t\t\t\t\t\t\t\t\t\t\t<\/div>\n\t\t\t\t<\/div>\n\t\t\t\t<\/div>\n\t\t\t\t\t<\/div>\n\t\t\t\t<\/div>\n\t\t<div class=\"elementor-element elementor-element-88e7532 e-flex e-con-boxed e-con e-parent\" data-id=\"88e7532\" data-element_type=\"container\" data-e-type=\"container\" data-settings=\"{&quot;background_background&quot;:&quot;classic&quot;,&quot;_ha_eqh_enable&quot;:false}\">\n\t\t\t\t\t<div class=\"e-con-inner\">\n\t\t<div class=\"elementor-element elementor-element-e9e6344 e-con-full e-flex e-con e-child\" data-id=\"e9e6344\" data-element_type=\"container\" data-e-type=\"container\" data-settings=\"{&quot;_ha_eqh_enable&quot;:false}\">\n\t\t\t\t<div class=\"elementor-element elementor-element-b5260c1 elementor-widget elementor-widget-heading\" data-id=\"b5260c1\" data-element_type=\"widget\" data-e-type=\"widget\" data-widget_type=\"heading.default\">\n\t\t\t\t<div class=\"elementor-widget-container\">\n\t\t\t\t\t<h4 class=\"elementor-heading-title elementor-size-default\">\u00bfQuieres pagar menos energ\u00eda con tu ascensor?<\/h4>\t\t\t\t<\/div>\n\t\t\t\t<\/div>\n\t\t\t\t<div class=\"elementor-element elementor-element-a788dae elementor-widget elementor-widget-text-editor\" data-id=\"a788dae\" data-element_type=\"widget\" data-e-type=\"widget\" data-widget_type=\"text-editor.default\">\n\t\t\t\t<div class=\"elementor-widget-container\">\n\t\t\t\t\t\t\t\t\t<p>Si quieres m\u00e1s informaci\u00f3n o necesitas un estudio personalizado de tu caso, contacta con nosotros y te asesoraremos sin compromiso.<\/p>\t\t\t\t\t\t\t\t<\/div>\n\t\t\t\t<\/div>\n\t\t\t\t<\/div>\n\t\t<div class=\"elementor-element elementor-element-f4ede9e e-con-full e-flex e-con e-child\" data-id=\"f4ede9e\" data-element_type=\"container\" data-e-type=\"container\" data-settings=\"{&quot;_ha_eqh_enable&quot;:false}\">\n\t\t\t\t<div class=\"elementor-element elementor-element-2f4f15e elementor-widget elementor-widget-ha-creative-button happy-addon ha-creative-button\" data-id=\"2f4f15e\" data-element_type=\"widget\" data-e-type=\"widget\" data-widget_type=\"ha-creative-button.default\">\n\t\t\t\t<div class=\"elementor-widget-container\">\n\t\t\t\t\t\t\t<div data-magnetic=\"no\" class=\"ha-creative-btn-wrap\">\n\t\t\t<a class=\"ha-creative-btn ha-stl--hermosa ha-eft--exploit\" href=\"https:\/\/ascensoresprim.com\/es\/contacto\/\" rel=\"nofollow\" title=\"Contacta con Ascensores Prim\"><span>Cont\u00e1ctanos<\/span><\/a>\n\t\t<\/div>\t\t\t\t<\/div>\n\t\t\t\t<\/div>\n\t\t\t\t<\/div>\n\t\t\t\t\t<\/div>\n\t\t\t\t<\/div>\n\t\t\t\t<\/div>\n\t\t","protected":false},"excerpt":{"rendered":"<p>Eficiencia energ\u00e9tica en ascensores: ahorra y cuida el planeta Cada vez m\u00e1s, la sociedad demanda soluciones respetuosas con el medio ambiente y que contribuyan a reducir el gasto energ\u00e9tico. En el mundo de los ascensores, esto se traduce en la apuesta por equipos y tecnolog\u00edas que consumen menos electricidad, alargan la vida \u00fatil de los [&hellip;]<\/p>\n","protected":false},"author":1,"featured_media":685,"parent":1525,"menu_order":0,"comment_status":"closed","ping_status":"closed","template":"","meta":{"inline_featured_image":false,"footnotes":""},"class_list":["post-1526","page","type-page","status-publish","has-post-thumbnail","hentry"],"_links":{"self":[{"href":"https:\/\/ascensoresprim.com\/es\/wp-json\/wp\/v2\/pages\/1526","targetHints":{"allow":["GET"]}}],"collection":[{"href":"https:\/\/ascensoresprim.com\/es\/wp-json\/wp\/v2\/pages"}],"about":[{"href":"https:\/\/ascensoresprim.com\/es\/wp-json\/wp\/v2\/types\/page"}],"author":[{"embeddable":true,"href":"https:\/\/ascensoresprim.com\/es\/wp-json\/wp\/v2\/users\/1"}],"replies":[{"embeddable":true,"href":"https:\/\/ascensoresprim.com\/es\/wp-json\/wp\/v2\/comments?post=1526"}],"version-history":[{"count":18,"href":"https:\/\/ascensoresprim.com\/es\/wp-json\/wp\/v2\/pages\/1526\/revisions"}],"predecessor-version":[{"id":2215,"href":"https:\/\/ascensoresprim.com\/es\/wp-json\/wp\/v2\/pages\/1526\/revisions\/2215"}],"up":[{"embeddable":true,"href":"https:\/\/ascensoresprim.com\/es\/wp-json\/wp\/v2\/pages\/1525"}],"wp:featuredmedia":[{"embeddable":true,"href":"https:\/\/ascensoresprim.com\/es\/wp-json\/wp\/v2\/media\/685"}],"wp:attachment":[{"href":"https:\/\/ascensoresprim.com\/es\/wp-json\/wp\/v2\/media?parent=1526"}],"curies":[{"name":"wp","href":"https:\/\/api.w.org\/{rel}","templated":true}]}}